{"id":64,"date":"2014-10-21T09:29:52","date_gmt":"2014-10-21T08:29:52","guid":{"rendered":"http:\/\/www.fondationensemble.org\/la-fondation\/partenaires\/"},"modified":"2017-12-12T14:37:17","modified_gmt":"2017-12-12T13:37:17","slug":"partenaires","status":"publish","type":"page","link":"https:\/\/www.fondationensemble.org\/en\/foundation\/partenaires\/","title":{"rendered":"Implementing Partners"},"content":{"rendered":"<h2>Partners &#8211; Network<\/h2>\n<p>&nbsp;<\/p>\n<h3><a href=\"http:\/\/www.admical.org\/contenu\/la-charte-du-mecenat%20\" target=\"_blank\"><img loading=\"lazy\" class=\"size-full wp-image-4177 alignleft\" src=\"http:\/\/www.fondationensemble.org\/wp-content\/uploads\/2014\/10\/AdmicalMin3.jpg\" alt=\"AdmicalMin3\" width=\"150\" height=\"150\" \/><\/a><a href=\"http:\/\/www.admical.org\/\" target=\"_blank\">Admical<\/a><\/h3>\n<p style=\"text-align: justify;\">Admical, an association founded to promote corporate sponsorship, is today a clearing house for information, exchanges, ideas, and training. The Foundation participates, in particular, in its Environment Committee and also signed the <a href=\"http:\/\/www.admical.org\/contenu\/la-charte-du-mecenat\" target=\"_blank\">&#8216;Charte du M\u00e9c\u00e9nat&#8217; (Sponsorship Charter)<\/a>.<\/p>\n<p>&nbsp;<\/p>\n<p>&nbsp;<\/p>\n<h3><a href=\"http:\/\/www.centre-francais-fondations.org\/qui-sommes-nous\/presentation-en\" target=\"_blank\"><img loading=\"lazy\" class=\"size-full wp-image-4170 alignleft\" src=\"http:\/\/www.fondationensemble.org\/wp-content\/uploads\/2014\/10\/CFFMin3.png\" alt=\"CFFMin3\" width=\"150\" height=\"150\" \/>Centre Fran\u00e7ais des Fondations (CFF)<\/a><\/h3>\n<p style=\"text-align: justify;\">The CFF brings together a number of Foundations and Endowment Funds and leads nine working groups. Fondation Ensemble is a member of two groups : \u2018Family or private foundations\u2019 and \u2018Environment\u2019.<\/p>\n<p>&nbsp;<\/p>\n<p>&nbsp;<\/p>\n<p>&nbsp;<\/p>\n<h3><a href=\"http:\/\/www.efc.be\" target=\"_blank\"><img loading=\"lazy\" class=\"wp-image-4123 alignleft\" src=\"http:\/\/www.fondationensemble.org\/wp-content\/uploads\/2014\/10\/EFC.jpg\" alt=\"EFC\" width=\"150\" height=\"150\" \/>Groupe Environnement<\/a><\/h3>\n<p style=\"text-align: justify;\">The EFC operates as a platform for the exchange of experience, and as a development resource for joint projects. It is also a source of information on Foundations in Europe. With some 250 full members (Foundations and private funding bodies), it operates in over 37 countries (Europe, and also Africa, Asia, Oceania, Latin America and North America).<\/p>\n<p>&nbsp;<\/p>\n<p>&nbsp;<\/p>\n<h3><a href=\"http:\/\/unespritdefamille.org\" target=\"_blank\"><img loading=\"lazy\" class=\"alignleft wp-image-4126\" src=\"http:\/\/www.fondationensemble.org\/wp-content\/uploads\/2014\/10\/UEDF.png\" alt=\"UEDF\" width=\"150\" height=\"130\" \/>Un Esprit de Famille<\/a><\/h3>\n<p style=\"text-align: justify;\">Un Esprit de Famille is an association that brings together those who run a fund or family-based foundation and are bound by shared values and a desire to work together in order to: optimize their own practices by exchanging ideas on strategy, governance and organizational structure, and encourage the development of private philanthropy through communication and support.<\/p>\n<p>&nbsp;<\/p>\n<h3><img loading=\"lazy\" class=\"size-full wp-image-4197 alignleft\" src=\"http:\/\/www.fondationensemble.org\/wp-content\/uploads\/2014\/10\/CDRP.jpg\" alt=\"CDRP\" width=\"150\" height=\"150\" \/>Club du Rond-point<\/h3>\n<p style=\"text-align: justify;\">Mrs D\u00e9lia Br\u00e9mond, Co-Chair of our Fondation, is a member of this Club, which brings together several founders of French Family Foundations. The Club\u2019s meetings are occasions for philanthropists to share experience and exchange ideas.<\/p>\n<p>&nbsp;<\/p>\n<h2 style=\"text-align: left;\">Partners &#8211; Current projects<\/h2>\n<h3 style=\"text-align: left;\">Sustainable agriculture<\/h3>\n<p style=\"text-align: left;\"><a href=\"http:\/\/www.agrisud.org\/en\/\" target=\"_blank\">Agrisud<\/a><br \/>\n<a href=\"http:\/\/www.avsf.org\/en\" target=\"_blank\">AVSF<\/a> (Agronomes et V\u00e9t\u00e9rinaires Sans Fronti\u00e8res)<br \/>\n<a href=\"http:\/\/www.carefrance.org\/english.htm\"> Care France<\/a><br \/>\n<a href=\"http:\/\/www.care.dk\/caredanmark-eng\/\"> Care Danmark<\/a><br \/>\n<a href=\"http:\/\/www.christianaid.org.uk\/\" target=\"_blank\">Christian Aid<\/a><br \/>\n<a href=\"https:\/\/www.concern.net\/\" target=\"_blank\">Concern Worldwide<br \/>\n<\/a><a href=\"https:\/\/www.danchurchaid.org\/\" target=\"_blank\">Dan Church Aid<\/a><br \/>\n<a href=\"http:\/\/www.essor-ong.org\/en\/welcome.html?u=1572\" target=\"_blank\">Essor<\/a><br \/>\n<a href=\"http:\/\/www.louvaincooperation.org\/\" target=\"_blank\">Louvain Cooperation<\/a><br \/>\n<a href=\"http:\/\/www.oxfam.org\/en\" target=\"_blank\">OXFAM<\/a><\/p>\n<h3 style=\"text-align: left;\">Sustainable fishing<\/h3>\n<p><a href=\"http:\/\/www.conservation.org\/Pages\/default.aspx\" target=\"_blank\">Conservation International<br \/>\n<\/a><a href=\"https:\/\/www.ewt.org.za\/\" target=\"_blank\">Endangered Wildlife Trust<\/a><br \/>\n<a href=\"http:\/\/www.istituto-oikos.org\/?lang=en\" target=\"_blank\">Istituto-Oikos<\/a><br \/>\n<a href=\"http:\/\/www.peaceparks.org\/\" target=\"_blank\">Peace Parks Foundation<\/a><br \/>\n<a href=\"http:\/\/www.worldfishcenter.org\/\" target=\"_blank\">Worldfish<\/a><a href=\"http:\/\/www.zsl.org\/\" target=\"_blank\"><br \/>\nZoological Society of London<\/a><\/p>\n<h3 style=\"text-align: left;\">Biodiversity Conservation<\/h3>\n<p style=\"text-align: left;\"><a href=\"http:\/\/www.gret.org\/?lang=en\" target=\"_blank\">GRET<br \/>\n<\/a><a href=\"https:\/\/natureandculture.org\/\" target=\"_blank\">Nature &amp; Conservation International<\/a><br \/>\n<a href=\"http:\/\/www.oceanrevolution.org\/\" target=\"_blank\">Ocean Revolution<\/a><br \/>\n<a href=\"http:\/\/www.rainforestfoundationuk.org\/\" target=\"_blank\">Rainforest Foundation (UK)<\/a><br \/>\n<a href=\"http:\/\/www.wcs.org\/\" target=\"_blank\"> Wildlife Conservation Society<\/a><\/p>\n<h3 style=\"text-align: left;\">Sustainable technologies<\/h3>\n<p style=\"text-align: left;\"><a href=\"http:\/\/www.electriciens-sans-frontieres.org\/en\/\" target=\"_blank\">The Nubian Vault Association (AVN)<br \/>\nElectriciens Sans Fronti\u00e8res<\/a><a href=\"http:\/\/www.humana.org\/\" target=\"_blank\"><br \/>\nHumana People To People<\/a><a href=\"http:\/\/www.snvworld.org\/\" target=\"_blank\"><br \/>\n<\/a><a href=\"http:\/\/www.clovekvtisni.cz\/en\" target=\"_blank\">People In Need<\/a><\/p>\n<h2>Partners &#8211; Current small projects<\/h2>\n<h3>Conservation of threatened animal species<\/h3>\n<p><a href=\"http:\/\/www.alepe48.fr\/\" target=\"_blank\">ALEPE<\/a><br \/>\n<a href=\"http:\/\/www.awely.org\/en\/\" target=\"_blank\">Awely<\/a><br \/>\n<a href=\"http:\/\/www.batcon.org\/\" target=\"_blank\">Bat Conservation International<\/a><br \/>\n<a href=\"http:\/\/www.bring-the-elephant-home.org\/\" target=\"_blank\">Bring the Elephant Home<\/a><br \/>\n<a href=\"http:\/\/www.darwinfoundation.org\/en\/\" target=\"_blank\">Charles Darwin Foundation<\/a><br \/>\n<a href=\"http:\/\/cibio.up.pt\/\" target=\"_blank\">CIBIO<\/a><br \/>\nCOIA &#8211; Centro de Observa\u00e7\u00e3o e Investiga\u00e7\u00e3o Ambiental<br \/>\nCONAVI<br \/>\n<a href=\"http:\/\/www.excellentdevelopment.com\/home\" target=\"_blank\">Excellent Development<\/a><br \/>\n<a href=\"http:\/\/limbewildlife.org\/\" target=\"_blank\"> Fondation Pandrillus &#8211; Limbe Wildlife Centre<\/a><br \/>\n<a href=\"http:\/\/www.hutan.org.my\/\" target=\"_blank\">Hutan<\/a><br \/>\n<a href=\"http:\/\/www.piagacu.org.br\/\" target=\"_blank\"> Instituto Piaga\u00e7u<\/a><br \/>\n<a href=\"https:\/\/www.knust.edu.gh\/\" target=\"_blank\"> KNUST<\/a><br \/>\n<a href=\"http:\/\/www.manandnature.org\/index.php\/en\/\" target=\"_blank\"> Man &amp; Nature<\/a><br \/>\n<a href=\"http:\/\/maralliance.org\/\" target=\"_blank\"> Mar Alliance<\/a><br \/>\n<a href=\"http:\/\/www.marinemegafauna.org\/\" target=\"_blank\"> Marine Megafauna Foundation<\/a><br \/>\n<a href=\"http:\/\/www.pohkao.org\/\" target=\"_blank\"> NTFP\/Poh Kao<\/a><br \/>\n<a href=\"http:\/\/www.projetprimates.com\/en\/\" target=\"_blank\">Projet Primates France<\/a><br \/>\n<a href=\"http:\/\/www.seacology.org\/\" target=\"_blank\">Seacology<\/a><br \/>\n<a href=\"https:\/\/www.snowleopard.org\/\" target=\"_blank\"> Snow Leopard Conservation Fdt<\/a><br \/>\nSOS-Diassoko<br \/>\n<a href=\"http:\/\/sbc-peru.org\/pages\/en\/home.php\" target=\"_blank\"> Spectacled Bear Conservation Society<\/a><br \/>\n<a href=\"http:\/\/www.takh.org\/en\/\" target=\"_blank\">Takh<\/a><br \/>\n<a href=\"https:\/\/www.sharktrust.org\/\" target=\"_blank\"> The Shark Trust<\/a><br \/>\n<a href=\"http:\/\/us.whales.org\/\" target=\"_blank\">Whale &amp; Dolphin Conservation<\/a><br \/>\n<a href=\"https:\/\/www.zsl.org\/\" target=\"_blank\"> Zoological Society of London<\/a><\/p>\n","protected":false},"excerpt":{"rendered":"<p>Partners &#8211; Network &nbsp; Admical Admical, an association founded to promote corporate sponsorship, is today a clearing house for information, exchanges, ideas, and training. The Foundation participates, in particular, in its Environment Committee and also signed the &#8216;Charte du M\u00e9c\u00e9nat&#8217; (Sponsorship Charter). &nbsp; &nbsp; Centre Fran\u00e7ais des Fondations (CFF) The [&hellip;]<\/p>\n","protected":false},"author":2,"featured_media":2641,"parent":58,"menu_order":6,"comment_status":"open","ping_status":"open","template":"","meta":[],"_links":{"self":[{"href":"https:\/\/www.fondationensemble.org\/en\/wp-json\/wp\/v2\/pages\/64\/"}],"collection":[{"href":"https:\/\/www.fondationensemble.org\/en\/wp-json\/wp\/v2\/pages\/"}],"about":[{"href":"https:\/\/www.fondationensemble.org\/en\/wp-json\/wp\/v2\/types\/page\/"}],"author":[{"embeddable":true,"href":"https:\/\/www.fondationensemble.org\/en\/wp-json\/wp\/v2\/users\/2\/"}],"replies":[{"embeddable":true,"href":"https:\/\/www.fondationensemble.org\/en\/wp-json\/wp\/v2\/comments\/?post=64"}],"version-history":[{"count":82,"href":"https:\/\/www.fondationensemble.org\/en\/wp-json\/wp\/v2\/pages\/64\/revisions\/"}],"predecessor-version":[{"id":11848,"href":"https:\/\/www.fondationensemble.org\/en\/wp-json\/wp\/v2\/pages\/64\/revisions\/11848\/"}],"up":[{"embeddable":true,"href":"https:\/\/www.fondationensemble.org\/en\/wp-json\/wp\/v2\/pages\/58\/"}],"wp:featuredmedia":[{"embeddable":true,"href":"https:\/\/www.fondationensemble.org\/en\/wp-json\/wp\/v2\/media\/2641\/"}],"wp:attachment":[{"href":"https:\/\/www.fondationensemble.org\/en\/wp-json\/wp\/v2\/media\/?parent=64"}],"curies":[{"name":"wp","href":"https:\/\/api.w.org\/{rel}","templated":true}]}}