{"id":141,"date":"2014-10-21T13:05:19","date_gmt":"2014-10-21T12:05:19","guid":{"rendered":"http:\/\/www.fondationensemble.org\/la-fondation\/qui-sommes-nous\/conseil-administration\/"},"modified":"2020-05-06T14:10:56","modified_gmt":"2020-05-06T13:10:56","slug":"board-directors","status":"publish","type":"page","link":"https:\/\/www.fondationensemble.org\/en\/foundation\/who-are-we\/board-directors\/","title":{"rendered":"Board of Directors"},"content":{"rendered":"<p>The Foundation is run by a Board of Directors of nine members, divided into two colleges<\/p>\n<h2>Founders<\/h2>\n<p><strong>G\u00e9rard Br\u00e9mond<\/strong><br \/>\nCo-Founder and Chair<br \/>\nFounder and Chair of Pierre &amp; Vacances &#8211; Center Parcs Group<\/p>\n<p><strong>Jacqueline D\u00e9lia Br\u00e9mond<\/strong><br \/>\nCo-Founder and Co-Chair<br \/>\nFormer Publisher<\/p>\n<p><strong>Olivier Br\u00e9mond<br \/>\n<\/strong>Producer, Mercer Productions<\/p>\n<h2>Advisory Board<\/h2>\n<p><strong>Delphine Br\u00e9mond<\/strong><br \/>\nEthology graduate<br \/>\nAuthor of wildlife documentaries<br \/>\nMediator<\/p>\n<p><strong>Nathalie D\u00e9lia Wenta<\/strong><br \/>\nFounder and Chair of La Maison24 NGO<\/p>\n<p><strong>Thierry Huau<\/strong><br \/>\nGovernment Certified landscaper from the Versailles school, urban planner and ethnobotanist<br \/>\nMember of the \u2019International dendrology society&#8217;<\/p>\n<p><strong>Philippe L\u00e9v\u00eaque<br \/>\n<\/strong>CARE France Executive director<\/p>\n<p><strong>Nathalie Sauvanet<\/strong><br \/>\nGlobal Head of philanthropy advisory &#8211; BNP Paribas Wealth Management<br \/>\nCEO of Fondation de l&#8217;Orangerie<\/p>\n<h2>REPRESENTATIVE OF THE FOUNDATION\u2019S FRIENDS<\/h2>\n<p><strong>Patricia Damerval<\/strong><br \/>\nDeputy chair<br \/>\nGroupe Pierre&amp;Vacances \u2013 Center Parcs<\/p>\n<h2>The Bureau<\/h2>\n<p style=\"text-align: justify;\">The Bureau has three members: Co-Chairman, Co-Chairman-Secretary and Treasurer, chosen among the Board members.<\/p>\n<p style=\"text-align: justify;\">To validate its choices, notably in the selection of the projects, the Foundation relies on a <strong><a href=\"\/en\/foundation\/college-experts\/\">Board of Experts<\/a><\/strong>.<\/p>\n","protected":false},"excerpt":{"rendered":"<p>The Foundation is run by a Board of Directors of nine members, divided into two colleges Founders G\u00e9rard Br\u00e9mond Co-Founder and Chair Founder and Chair of Pierre &amp; Vacances &#8211; Center Parcs Group Jacqueline D\u00e9lia Br\u00e9mond Co-Founder and Co-Chair Former Publisher Olivier Br\u00e9mond Producer, Mercer Productions Advisory Board Delphine Br\u00e9mond [&hellip;]<\/p>\n","protected":false},"author":2,"featured_media":2257,"parent":47,"menu_order":3,"comment_status":"open","ping_status":"open","template":"","meta":[],"_links":{"self":[{"href":"https:\/\/www.fondationensemble.org\/en\/wp-json\/wp\/v2\/pages\/141\/"}],"collection":[{"href":"https:\/\/www.fondationensemble.org\/en\/wp-json\/wp\/v2\/pages\/"}],"about":[{"href":"https:\/\/www.fondationensemble.org\/en\/wp-json\/wp\/v2\/types\/page\/"}],"author":[{"embeddable":true,"href":"https:\/\/www.fondationensemble.org\/en\/wp-json\/wp\/v2\/users\/2\/"}],"replies":[{"embeddable":true,"href":"https:\/\/www.fondationensemble.org\/en\/wp-json\/wp\/v2\/comments\/?post=141"}],"version-history":[{"count":35,"href":"https:\/\/www.fondationensemble.org\/en\/wp-json\/wp\/v2\/pages\/141\/revisions\/"}],"predecessor-version":[{"id":17800,"href":"https:\/\/www.fondationensemble.org\/en\/wp-json\/wp\/v2\/pages\/141\/revisions\/17800\/"}],"up":[{"embeddable":true,"href":"https:\/\/www.fondationensemble.org\/en\/wp-json\/wp\/v2\/pages\/47\/"}],"wp:featuredmedia":[{"embeddable":true,"href":"https:\/\/www.fondationensemble.org\/en\/wp-json\/wp\/v2\/media\/2257\/"}],"wp:attachment":[{"href":"https:\/\/www.fondationensemble.org\/en\/wp-json\/wp\/v2\/media\/?parent=141"}],"curies":[{"name":"wp","href":"https:\/\/api.w.org\/{rel}","templated":true}]}}