{"id":13918,"date":"2018-10-10T17:11:31","date_gmt":"2018-10-10T16:11:31","guid":{"rendered":"https:\/\/www.fondationensemble.org\/?page_id=13918"},"modified":"2018-10-10T17:12:17","modified_gmt":"2018-10-10T16:12:17","slug":"les-femmes-sont-plus-souvent-sur-le-terrain-quelles-napparaissent-dans-la-lumiere","status":"publish","type":"page","link":"https:\/\/www.fondationensemble.org\/en\/les-femmes-sont-plus-souvent-sur-le-terrain-quelles-napparaissent-dans-la-lumiere\/","title":{"rendered":"\u00ab Les femmes sont plus souvent sur le terrain  qu\u2019elles n\u2019apparaissent dans la lumi\u00e8re. \u00bb"},"content":{"rendered":"<p><iframe loading=\"lazy\" width=\"500\" height=\"281\" src=\"https:\/\/www.youtube.com\/embed\/J-mKb1_uTJs?start=13&#038;feature=oembed\" frameborder=\"0\" allow=\"autoplay; encrypted-media\" allowfullscreen><\/iframe><\/p>\n<p>&nbsp;<\/p>\n<p style=\"text-align: justify;\"><strong>Fondatrice de Poh Kao, association prim\u00e9e en 2016 par le Minist\u00e8re de l\u2019Environnement cambodgien, V\u00e9ronique Audibert est de ces personnalit\u00e9s qui vous font entrer de plain-pied dans le vif du sujet. La conservation des esp\u00e8ces menac\u00e9es est l\u2019engagement de sa vie depuis plus de 20 ans. La Fondation Ensemble a recueilli son t\u00e9moignage, le 25 septembre dernier. Et nous voil\u00e0 plong\u00e9s au Cambodge, au c\u0153ur des for\u00eats primaires, tout pr\u00e8s des minorit\u00e9s ethniques du Nord-est. A l\u2019\u00e9coute de cette femme engag\u00e9e, qui n\u2019aime ni les histoires trop lisses ni la langue de bois, on comprend que les combats pour la biodiversit\u00e9 ne sont pas toujours l\u00e0 o\u00f9 on les attend&#8230;<\/strong><\/p>\n<p style=\"text-align: justify;\"><strong>FE : Il y a 20 ans vous d\u00e9couvriez les for\u00eats vierges cambodgiennes, vierges de toute pr\u00e9sence humaine. Un choc ?<\/strong><br \/>\nVA : Une chance inou\u00efe. En 1997, j\u2019enqu\u00eatais sur le trafic des tigres dans le nord-est du pays. Il est difficile de d\u00e9crire l\u2019impression que donne l\u2019exp\u00e9rience d\u2019\u00eatre dans une for\u00eat absolument vierge de toute destruction humaine. Ce que l\u2019on ressent est tr\u00e8s fort. On sent que l\u2019homme n\u2019y a pas sa place, qu\u2019il est tout petit, comme reconnect\u00e9 au grand \u0153uvre, au cosmos, comme si nos g\u00eanes avaient gard\u00e9 la m\u00e9moire des milliers d\u2019ann\u00e9es d\u2019\u00e9volution, que nous \u00e9tions fait pour marcher, manger, dormir ensemble, soud\u00e9s. Je n\u2019ai jamais r\u00e9ussi \u00e0 d\u00e9crire ce sentiment si fort, de sortir du monde anthropocentr\u00e9 des hommes, pour entrer dans un monde plus large. Se r\u00e9veiller aux m\u00e9lop\u00e9es du chant des gibbons, et mettre son pied dans la trace d\u2019un tigre, franchement c\u2019est inou\u00ef.<\/p>\n<p style=\"text-align: justify;\"><strong>FE : C\u2019est alors que vous fondez Poh Kao. Qu\u2019aviez-vous en t\u00eate ?<\/strong><br \/>\nVA : Mes nombreuses exp\u00e9ditions guid\u00e9es par les chasseurs cueilleurs des minorit\u00e9s ethniques m\u2019ont fait entrer de plain-pied dans leur univers d\u2019humains vivant en biodiversit\u00e9 totale. Ce sont eux qui m\u2019ont appris comment vivre totalement int\u00e9gr\u00e9s, \u00eatre pr\u00e9dateurs au m\u00eame rang que le tigre, le l\u00e9opard, ne pr\u00e9lever que le n\u00e9cessaire. Je leur dois de savoir lire un paysage. Ce qu\u2019ils m\u2019ont donn\u00e9 n\u2019a pas de prix. Lors d\u2019une mission en 2005, il y avait plus de 300 personnes devant ma hutte, qui m\u2019ont demand\u00e9 de les aider. Cela m\u2019est apparu comme une \u00e9vidence.<\/p>\n<p style=\"text-align: justify;\"><strong>FE : Lorsque vous d\u00e9couvrez le Cambodge, il y a 20 ans, il reste 800 tigres \u00e0 l\u2019\u00e9tat sauvage. Qu\u2019en est-il aujourd\u2019hui ?<\/strong><br \/>\nVA : Il n\u2019y en a h\u00e9las plus trace. C\u2019est une catastrophe absolue ! Et au-del\u00e0 du tigre, c\u2019est toute la biodiversit\u00e9 de ce pays qui s\u2019est effondr\u00e9e. Regardez la carte de l\u2019\u00e9volution des zones foresti\u00e8res au Cambodge. 60% de for\u00eat ont d\u2019ores et d\u00e9j\u00e0 disparu ! Souvent on me demande s\u2019il est trop tard pour sauver la plan\u00e8te. Mais c\u2019est oublier qu\u2019elle n\u2019a pas besoin de nous. C\u2019est nous qui avons besoin d\u2019elle ! A ce rythme, elle seule survivra.<\/p>\n<p style=\"text-align: justify;\"><strong>FE : Vous avez fond\u00e9 depuis Poh Kao. Dans le dialecte local \u00e7a veut dire quoi ?<\/strong><br \/>\nVE : Litt\u00e9ralement : riz, ensemble, manger. J\u2019aime que ce soit ainsi li\u00e9 dans un m\u00eame mot. Notre d\u00e9marche int\u00e8gre l\u2018ensemble de ces \u00e9l\u00e9ments. Ces populations ont tout compris. Elles savent ce qu\u2019elles doivent \u00e0 la nature, vivent en symbiose avec elle. Dans ces hots-spots de la biodiversit\u00e9 mondiale, ce sont elles nos pr\u00e9cieux gardiens du vivant. Croyez-moi, ils ont beaucoup \u00e0 nous apprendre de leur relation \u00e0 l\u2019environnement et sont \u00e0 bien des \u00e9gards en avance sur nous.<\/p>\n<p style=\"text-align: justify;\"><strong>FE : Via les soutiens de la Fondation quels r\u00e9sultats avez-vous obtenus dans la zone de conservation de Veun Sai-Siem Pang ?<\/strong><br \/>\nVA : Cette zone, situ\u00e9e dans le Nord-Est du Cambodge, est bord\u00e9e par trois parcs nationaux contigus (Virachey, Xe Pian et Chu Mom Ray). C\u2019est la plus grande zone de for\u00eat intacte d\u2019un seul tenant en Asie ! Avec la Fondation Ensemble, nous prot\u00e9geons 16 esp\u00e8ces sauvages menac\u00e9es appartenant \u00e0 la liste rouge de l\u2019IUCN dont le gibbon \u00e0 joue cir\u00e9e \u00ab nomascus annamensis \u00bb. Au total plus de 57.469 hectares de for\u00eats et savane sont prot\u00e9g\u00e9s, class\u00e9s comme Parc National. 25 gardes forestiers ont \u00e9t\u00e9 recrut\u00e9s localement pour lutter contre les trafics. C\u2019est tout une d\u00e9marche communautaire qui a \u00e9t\u00e9 mise en place et sert aujourd\u2019hui de mod\u00e8le \u00e0 plus grande \u00e9chelle.<\/p>\n<p style=\"text-align: justify;\"><strong>FE : Quelles sont vos principales difficult\u00e9s ?<\/strong><br \/>\nVA : La biodiversit\u00e9 int\u00e9resse peu, tarde \u00e0 trouver les financements \u00e0 la hauteur de ses enjeux. A la t\u00eate d\u2019une petite structure, je rencontre beaucoup de difficult\u00e9s \u00e0 r\u00e9colter les fonds suffisants. Ils sont rares les bailleurs de fond, qui comme la Fondation Ensemble, s\u2019engagent dans la dur\u00e9e et restent pr\u00e9sents aux c\u00f4t\u00e9s des petites structures sur le terrain. C\u2019est extr\u00eamement dommage car, sur le terrain, nous disposons de donn\u00e9es et connaissances pr\u00e9cieuses, de vraies comp\u00e9tences.<\/p>\n<p style=\"text-align: justify;\"><strong>FE : Qu\u2019est-ce que le courage selon vous ?<\/strong><br \/>\nVA : \u00ab Never give up ! \u00bb : Ne jamais renoncer ! C\u2019est peut-\u00eatre d\u2019ailleurs une particularit\u00e9 des femmes.<\/p>\n<p style=\"text-align: justify;\"><strong>FE : Lesquelles aimeriez-vous citer plus particuli\u00e8rement ?<\/strong><br \/>\nVA : Je pense \u00e0 toutes celles qui comme Madame D\u00e9lia Br\u00e9mond, consacrent leur vie, leurs fonds, pour le d\u00e9veloppement, pour les plus fragiles, les sans voix &#8211; y compris la faune. C\u2019est admirable ! Ce sont des \u00e9claireurs pour le reste de la soci\u00e9t\u00e9. Mme D\u00e9lia Br\u00e9mond a toujours fait preuve d\u2019une fid\u00e9lit\u00e9 silencieuse \u00e0 notre \u00e9gard, qui nous a toujours r\u00e9confort\u00e9s. Son engagement a permis \u00e0 des milliers d\u2019animaux sauvages d\u2019\u00eatre pr\u00e9serv\u00e9s et prot\u00e9g\u00e9s, \u00e0 des milliers d\u2019hectares de for\u00eats d\u2019\u00eatre toujours debout. Je pense aussi \u00e0 Madame Suwanna Gauntlet de Wildlife Alliance Cambodge, \u00e0 Rosie Cooney de SULI IUCN, \u00e0 Amy Mailing de Wildlife Alliance Cambodge. Je me rends compte par cette question que nous ne nous connaissons pas, qu\u2019il y a des milliers de femmes extraordinaires qui pr\u00e9servent la biodiversit\u00e9. Mais elles ne se mettent pas en avant, elles font juste leur travail de terrain.<\/p>\n<p style=\"text-align: justify;\"><strong>FE : Entamons-nous le dernier chapitre de l\u2019histoire de la biodiversit\u00e9 ?<\/strong><br \/>\nVA : Nous avons la chance d\u2019avoir une science qui progresse vite et nous avertit des sc\u00e9narios \u00e0 venir. Qu\u2019attendent nos dirigeants pour prendre les mesures n\u00e9cessaires ? C\u2019est \u00e0 se demander, \u00e0 l\u2019instar de Th\u00e9odore Monot si l\u2019homme m\u00e9rite sa d\u00e9nomination d\u2019homo-sapiens. Heureusement, la g\u00e9n\u00e9ration montante me semble davantage consciente des enjeux. Ils seront aux commandes, au pouvoir demain. Mais d\u2019ici l\u00e0, combien d\u2019esp\u00e8ces auront disparu ? Qui prendra le relais ?<\/p>\n","protected":false},"excerpt":{"rendered":"<p>&nbsp; Fondatrice de Poh Kao, association prim\u00e9e en 2016 par le Minist\u00e8re de l\u2019Environnement cambodgien, V\u00e9ronique Audibert est de ces personnalit\u00e9s qui vous font entrer de plain-pied dans le vif du sujet. La conservation des esp\u00e8ces menac\u00e9es est l\u2019engagement de sa vie depuis plus de 20 ans. La Fondation Ensemble [&hellip;]<\/p>\n","protected":false},"author":3,"featured_media":0,"parent":0,"menu_order":0,"comment_status":"closed","ping_status":"closed","template":"","meta":[],"_links":{"self":[{"href":"https:\/\/www.fondationensemble.org\/en\/wp-json\/wp\/v2\/pages\/13918\/"}],"collection":[{"href":"https:\/\/www.fondationensemble.org\/en\/wp-json\/wp\/v2\/pages\/"}],"about":[{"href":"https:\/\/www.fondationensemble.org\/en\/wp-json\/wp\/v2\/types\/page\/"}],"author":[{"embeddable":true,"href":"https:\/\/www.fondationensemble.org\/en\/wp-json\/wp\/v2\/users\/3\/"}],"replies":[{"embeddable":true,"href":"https:\/\/www.fondationensemble.org\/en\/wp-json\/wp\/v2\/comments\/?post=13918"}],"version-history":[{"count":2,"href":"https:\/\/www.fondationensemble.org\/en\/wp-json\/wp\/v2\/pages\/13918\/revisions\/"}],"predecessor-version":[{"id":13920,"href":"https:\/\/www.fondationensemble.org\/en\/wp-json\/wp\/v2\/pages\/13918\/revisions\/13920\/"}],"wp:attachment":[{"href":"https:\/\/www.fondationensemble.org\/en\/wp-json\/wp\/v2\/media\/?parent=13918"}],"curies":[{"name":"wp","href":"https:\/\/api.w.org\/{rel}","templated":true}]}}