{"id":138,"date":"2014-10-21T12:54:11","date_gmt":"2014-10-21T11:54:11","guid":{"rendered":"http:\/\/www.fondationensemble.org\/la-fondation\/qui-sommes-nous\/presentation-fondation\/"},"modified":"2016-01-19T15:16:09","modified_gmt":"2016-01-19T14:16:09","slug":"presentation-fondation","status":"publish","type":"page","link":"https:\/\/www.fondationensemble.org\/en\/foundation\/who-are-we\/presentation-fondation\/","title":{"rendered":"Presentation of the Foundation"},"content":{"rendered":"<p><strong>Fondation Ensemble is a private, state-approved Foundation, set up in 2004 by G\u00e9rard Br\u00e9mond and his wife, Jacqueline D\u00e9lia Br\u00e9mond.<\/strong><\/p>\n<h2>Everything is connected&#8230; together (ensemble).<\/h2>\n<p style=\"text-align: justify;\">All the elements in the chain of life are interconnected. The greatest poverty is always found in areas where environmental problems are greatest. But if we treat the earth with respect, following sustainable farming practices, the land comes back to life and nourishes us once again.<\/p>\n<p style=\"text-align: justify;\">If we follow sustainable fishing practices, stocks depleted by overfishing can be rebuilt, not only for the benefit of local populations but also in our own interests and those of future generations. Everything is interconnected \u2013 resources and ecosystems.<\/p>\n<p style=\"text-align: justify;\">Preserving our forests means keeping thousands of interdependent plant and animal species alive, enabling scientific progress to be made and ensuring food security for many communities. It also means combating soil erosion, reducing greenhouse gases and tackling climate change.<\/p>\n<p style=\"text-align: justify;\">The resilience of land and marine ecosystems is astonishing. When biodiversity is preserved, the natural balance of an ecosystem is gradually restored. And the conclusion is clear: it is by supporting local communities in their everyday trials and tribulations that the most effective and long-lasting solutions are to be found. Thinking globally means acting locally. Everything is interconnected.<\/p>\n<p style=\"text-align: justify;\">Nature teaches us to make connections. Together, these connections shape the Foundation&#8217;s mission throughout the world; they are the common denominator of all the initiatives we support through our four focus sectors:<\/p>\n<p style=\"text-align: justify;\">&#8211; <strong><a href=\"\/en\/secteurs\/01-sustainable-agriculture\/\">Sustainable agriculture<\/a><\/strong><br \/>\n&#8211; <a href=\"\/en\/secteurs\/02-sustainable-fishing\/\"><strong>Sustainable fishing<\/strong><\/a><br \/>\n&#8211; <a href=\"\/en\/secteurs\/03-biodiversity-conservation\/\"><strong>Land and marine biodiversity conservation<\/strong><\/a><br \/>\n&#8211; <a href=\"\/en\/secteurs\/04-sustainable-technologies\/\"><strong>Sustainable technologies<\/strong><\/a><\/p>\n<h2>All together \u2026<\/h2>\n<p style=\"text-align: justify;\">Since it was established in 2004, the Foundation has given a central role to the sharing of experience.<\/p>\n<p style=\"text-align: justify;\">Our Board of Experts, made up of 34 volunteer professionals, is at the heart of our organization. Every year, during the selection process, they give their recommendations on all the projects submitted, and their guidance often extends to the field during the monitoring stage.<\/p>\n<p style=\"text-align: justify;\">On the Foundation&#8217;s website, technical fact sheets and experience notes on the projects we support, our annual reports, our newsletters and a the news section are regularly updated and available for download.<\/p>\n<p style=\"text-align: justify;\">Finally, the Foundation is a member of various international networks for the exchange of expertise and experience.<\/p>\n<p style=\"text-align: justify;\">The more we share our experience and our know-how, the better we can tailor our responses and the more capable we will be of mobilizing our energies together. Everything is interconnected.<\/p>\n","protected":false},"excerpt":{"rendered":"<p>Fondation Ensemble is a private, state-approved Foundation, set up in 2004 by G\u00e9rard Br\u00e9mond and his wife, Jacqueline D\u00e9lia Br\u00e9mond. Everything is connected&#8230; together (ensemble). All the elements in the chain of life are interconnected. The greatest poverty is always found in areas where environmental problems are greatest. But if [&hellip;]<\/p>\n","protected":false},"author":2,"featured_media":2257,"parent":47,"menu_order":1,"comment_status":"open","ping_status":"closed","template":"","meta":[],"_links":{"self":[{"href":"https:\/\/www.fondationensemble.org\/en\/wp-json\/wp\/v2\/pages\/138\/"}],"collection":[{"href":"https:\/\/www.fondationensemble.org\/en\/wp-json\/wp\/v2\/pages\/"}],"about":[{"href":"https:\/\/www.fondationensemble.org\/en\/wp-json\/wp\/v2\/types\/page\/"}],"author":[{"embeddable":true,"href":"https:\/\/www.fondationensemble.org\/en\/wp-json\/wp\/v2\/users\/2\/"}],"replies":[{"embeddable":true,"href":"https:\/\/www.fondationensemble.org\/en\/wp-json\/wp\/v2\/comments\/?post=138"}],"version-history":[{"count":16,"href":"https:\/\/www.fondationensemble.org\/en\/wp-json\/wp\/v2\/pages\/138\/revisions\/"}],"predecessor-version":[{"id":6931,"href":"https:\/\/www.fondationensemble.org\/en\/wp-json\/wp\/v2\/pages\/138\/revisions\/6931\/"}],"up":[{"embeddable":true,"href":"https:\/\/www.fondationensemble.org\/en\/wp-json\/wp\/v2\/pages\/47\/"}],"wp:featuredmedia":[{"embeddable":true,"href":"https:\/\/www.fondationensemble.org\/en\/wp-json\/wp\/v2\/media\/2257\/"}],"wp:attachment":[{"href":"https:\/\/www.fondationensemble.org\/en\/wp-json\/wp\/v2\/media\/?parent=138"}],"curies":[{"name":"wp","href":"https:\/\/api.w.org\/{rel}","templated":true}]}}